{"id":3,"date":"2025-07-03T05:30:39","date_gmt":"2025-07-03T03:30:39","guid":{"rendered":"https:\/\/amfigorawinery.com\/?page_id=3"},"modified":"2025-09-08T17:46:26","modified_gmt":"2025-09-08T15:46:26","slug":"pravila-privatnosti","status":"publish","type":"page","link":"https:\/\/amfigorawinery.com\/en\/pravila-privatnosti\/","title":{"rendered":"Privacy Policy"},"content":{"rendered":"<p data-start=\"294\" data-end=\"332\">Voditelj obrade osobnih podataka je:<\/p>\n<p data-start=\"334\" data-end=\"499\"><strong data-start=\"334\" data-end=\"356\">IVAN\u010cI\u0106-TIM d.o.o.<\/strong><br data-start=\"356\" data-end=\"359\" \/>Sjedi\u0161te: Ple\u0161ivica 54, 10450 Jastrebarsko, Hrvatska<br data-start=\"411\" data-end=\"414\" \/>OIB: 93005990638<\/p>\n<p data-start=\"334\" data-end=\"499\">E-mail: <a class=\"decorated-link cursor-pointer\" rel=\"noopener\" data-start=\"441\" data-end=\"468\">amfigora@amfigorawinery.com<\/a><br data-start=\"468\" data-end=\"471\" \/>Telefon: +385 99 218 22 10<\/p>\n<p data-start=\"501\" data-end=\"822\">Tvrtka IVAN\u010cI\u0106-TIM d.o.o. kao voditelj obrade osobnih podataka obvezuje se \u0161tititi privatnost i sigurnost osobnih podataka svojih korisnika, partnera i posjetitelja web stranice <strong data-start=\"679\" data-end=\"705\"><a class=\"decorated-link\" href=\"https:\/\/amfigorawinery.com\/en\/?utm_source=chatgpt.com\" target=\"_new\" rel=\"noopener\" data-start=\"681\" data-end=\"703\">www.amfigorawinery.com<\/a><\/strong>, u skladu s Op\u0107om uredbom o za\u0161titi podataka (EU) 2016\/679 (GDPR) i relevantnim zakonodavstvom Republike Hrvatske.<\/p>\n<p data-start=\"824\" data-end=\"1035\">Ova Pravila privatnosti obja\u0161njavaju koje osobne podatke prikupljamo, u koje svrhe ih obra\u0111ujemo, na temelju kojih pravnih osnova, koliko dugo ih \u010duvamo te koja prava imaju korisnici u vezi sa svojim podacima.<\/p>\n<p>Tvrtka IVAN\u010cI\u0106-TIM d.o.o. upravlja prijavama i isporukama newslettera te informati\u010dkim i marketin\u0161kim uslugama.<span class=\"Apple-converted-space\">\u00a0 IVAN\u010cI\u0106-TIM <\/span>d.o.o. prikuplja i obra\u0111uje email adresu korisnika. Sustav bilje\u017ei otvaranja newslettera te klikove na linkove kako bi se ponudili statisti\u010dki podaci koji sadr\u017eaj je primateljima newslettera zanimljiv.<\/p>\n<h2>Upiti i reklamacije<\/h2>\n<p>Web stranica amfigorawinery.com sadr\u017ei e-mail amfigora@amfigorawinery.com koji omogu\u0107uje elektroni\u010dki kontakt s na\u0161im poduze\u0107em, kao i izravnu komunikaciju putem telefona +385 99 218 22 10. Ako korisnik kontaktira na\u0161e poduze\u0107e putem e-po\u0161te, osobni podaci koje je podnio automatski se pohranjuju i obra\u0111uju isklju\u010divo za pru\u017eanje tra\u017eenih informacija. Osobni podaci koji su nu\u017eni za rje\u0161avanje reklamacije ( ime, prezime i email adresa ) na proizvod \u010duvaju se 12 mjeseci od dana zaprimanja sukladno propisima kojima se ure\u0111uju prava potro\u0161a\u010da.<\/p>\n<h2>Prava korisnika<\/h2>\n<p>Korisnik u svakom trenutku od nas mo\u017ee zatra\u017eiti informaciju o obradi njegovih osobnih podataka koje je podnio i mo\u017ee zatra\u017eiti ostvarivanje sljede\u0107ih prava: \u2013 pravo na pristup njegovim podacima, \u2013 ispravak ili dopunu osobnih podataka kako bi uvijek bili a\u017eurirani i to\u010dni, \u2013 brisanje podataka (ako ne postoje opravdani razlozi za \u010duvanje podataka), \u2013 prigovor i\/ili ograni\u010denje obrade osobnih podataka npr. ako je osporena to\u010dnost osobnih podataka i potrebna je provjera, \u2013 povla\u010denje suglasnosti\/privole za obradu podataka (npr. za primanje newslettera). Povla\u010denje privole ne utje\u010de na zakonitost obrade osobnih podataka do trenutka povla\u010denja privole. Korisnik mo\u017ee prigovoriti legitimnom interesu u slu\u010daju direktnog marketinga. Korisnik ima pravo ulo\u017eiti pritu\u017ebu nadle\u017enom nadzornom tijelu: Agenciji za za\u0161titu osobnih podataka. Kontakt za za\u0161titu osobnih podataka Kontakt za pitanja privatnosti i za\u0161tite podataka te ispravka i brisanja osobnih podataka je amfigora@amfigorawinery.com. Sukladno va\u017ee\u0107im zakonskim propisima kojima je regulirana za\u0161tita osobnih podataka, svaki zahtjev\/upit bit \u0107e rije\u0161en \u0161to je prije mogu\u0107e, a najkasnije u roku od 30 ili 60 dana od zaprimanja.<\/p>\n<h2>Pra\u0107enje podataka \u2013 Kola\u010di\u0107i i web analitika<\/h2>\n<p>Tvrtka IVAN\u010cI\u0106-TIM d.o.o. je ovla\u0161tena pohranjivati na va\u0161em ra\u010dunalu \u201ekola\u010di\u0107e\u201c koji sadr\u017eavaju informacije o korisniku, a koji se koriste radi u\u0161tede vremena korisnika za vrijeme kori\u0161tenja internetskih stranica amfigorawinery.com te radi pra\u0107enja i usmjeravanja korisnikovih interesa s ciljem pru\u017eanja usluga prilago\u0111enih svakom korisniku. Mnogi kola\u010di\u0107i sadr\u017ee takozvani ID kola\u010di\u0107a. ID kola\u010di\u0107a jedinstven je identifikator kola\u010di\u0107a. Sastoji se od niza znakova putem kojeg se internetske stranice i poslu\u017eitelji mogu dodijeliti odre\u0111enom internetskom pregledniku u kojem je pohranjen kola\u010di\u0107. Kori\u0161tenjem kola\u010di\u0107a,<span class=\"Apple-converted-space\">\u00a0 IVAN\u010cI\u0106-TIM <\/span>d.o.o. korisnicima web stranica mo\u017ee pru\u017eiti user-friendly osje\u0107aj koji ne bi bilo mogu\u0107e posti\u0107i bez upotrebe kola\u010di\u0107a. Kada korisnik pristupa web stranici kola\u010di\u0107 se pohranjuje na ra\u010dunalni sustav korisnika. Korisnik mo\u017ee u bilo koje vrijeme sprije\u010diti postavljanje kola\u010di\u0107a putem na\u0161e web stranice pomo\u0107u odgovaraju\u0107e postavke internetskog preglednika koji se koristi i stoga mo\u017ee trajno uskratiti postavljanje kola\u010di\u0107a. Nadalje, ve\u0107 postavljeni kola\u010di\u0107i mogu se izbrisati u bilo kojem trenutku putem internetskog preglednika ili drugih softverskih programa. Ako korisnik deaktivira postavljanje kola\u010di\u0107a u kori\u0161tenom internetskom pregledniku, sve funkcije na na\u0161oj web stranici mo\u017eda ne\u0107e biti potpuno raspolo\u017eive.<span class=\"Apple-converted-space\"> IVAN\u010cI\u0106-TIM <\/span>d.o.o. upotrebljava kola\u010di\u0107e u svrhu pra\u0107enja statisti\u010dke posje\u0107enosti radi dobivanja nu\u017enih informacija o uspje\u0161nosti stranice i pri tome tako\u0111er koristi usluge tre\u0107e strane Googlea, kao izvr\u0161itelja obrade, pod nazivom Google Analytics. Podaci koji se obra\u0111uju u navedene svrhe uklju\u010duju IP adresu, tip preglednika, postavljeni jezik, vrijeme zahtjeva, identifikator kola\u010di\u0107a. Podaci o IP adresi uklanjaju se nakon 9 mjeseci te podaci o kola\u010di\u0107ima nakon 18 mjeseci. Posebno isti\u010demo da mo\u017eete isklju\u010diti Google Analytics za ogla\u0161avanje na prikaziva\u010dkoj mre\u017ei i prilagoditi oglase za Google prikaziva\u010dku mre\u017eu pomo\u0107u alata Postavke prilagodbi oglasa (http:\/\/www.google.com\/settings\/ads).<span class=\"Apple-converted-space\">\u00a0 <\/span>d.o.o. prikuplja informacije koje ne identificiraju specifi\u010dnoga krajnjeg korisnika, uklju\u010duju\u0107i internetske URL (Uniform Resource Locator) stranice koju je korisnik posjeti prije otvaranja internetske stranice, URL internetske stranice koju je korisnik posjetio nakon napu\u0161tanja internetske stranice, vrstu preglednika kojim se korisnik koristi te anonimiziranu korisnikovu IP-adresu. Ovla\u0161teni pru\u017eatelji usluga i ogla\u0161iva\u010di mogu automatski prikupljati ove informacije pri posjetu internetskoj stranici ili preko \u201ekola\u010di\u0107a\u201c i drugih alata.<span class=\"Apple-converted-space\"> IVAN\u010cI\u0106-TIM <\/span>d.o.o. se koristi ovim podacima isklju\u010divo pri rje\u0161avanju problema, administriranju internetske stranice, analizi trendova, skupljanju demografskih podataka, analizi sukladnosti s pozitivnim propisima i suradnji sa slu\u017ebama za provedbu zakona. Osobni podaci se prenose izvan EU\/EEA na temelju standardnih ugovornih klauzula za prijenos osobnih podataka u tre\u0107e zemlje koje su odobrene od strane Europske komisije te uz poduzimanje za\u0161titnih mjera.<\/p>\n<h2>Mjerodavno pravo<\/h2>\n<p>Za sva pitanja koja se odnose na ova Pravila privatnosti mjerodavno je pravo Republike Hrvatske.<\/p>\n<h2>Salvatorna klauzula<\/h2>\n<p>Ako bilo koja odredba ovih Pravila privatnosti bude smatrana ili progla\u0161ena neva\u017ee\u0107om, nezakonitom ili neprovedivom takva se odredba ne primjenjuje u onoj mjeri u kojoj je neva\u017ee\u0107a ili neprovediva, a ostale odredbe se nastavljaju primjenjivati s punim pravnim u\u010dinkom.<\/p>\n<h2>Promjene i a\u017euriranja Pravila privatnosti<\/h2>\n<p>Tvrtka IVAN\u010cI\u0106-TIM d.o.o. pridr\u017eava pravo izmjene ili a\u017euriranja ovih Pravila privatnosti u bilo kojem trenutku i bez prethodne najave. Molimo vas da s vremena na vrijeme provjerite sve izmjene ili a\u017euriranja na\u0161ih Pravila privatnosti na stranici gdje \u0107e biti nazna\u010den a\u017eurirani datum stupanja na snagu Pravila privatnosti.<\/p>","protected":false},"excerpt":{"rendered":"<p>Voditelj obrade osobnih podataka je: IVAN\u010cI\u0106-TIM d.o.o.Sjedi\u0161te: Ple\u0161ivica 54, 10450 Jastrebarsko, HrvatskaOIB: 93005990638 E-mail: amfigora@amfigorawinery.comTelefon: +385 99 218 22 10 Tvrtka IVAN\u010cI\u0106-TIM d.o.o. kao voditelj obrade osobnih podataka obvezuje se \u0161tititi privatnost i sigurnost osobnih podataka svojih korisnika, partnera i posjetitelja web stranice www.amfigorawinery.com, u skladu s Op\u0107om uredbom o za\u0161titi podataka (EU) 2016\/679 (GDPR) [&hellip;]<\/p>\n","protected":false},"author":1,"featured_media":0,"parent":0,"menu_order":0,"comment_status":"closed","ping_status":"closed","template":"templates\/text-page.php","meta":{"_acf_changed":false,"footnotes":""},"class_list":["post-3","page","type-page","status-publish","hentry"],"acf":[],"yoast_head":"<!-- This site is optimized with the Yoast SEO plugin v27.2 - https:\/\/yoast.com\/product\/yoast-seo-wordpress\/ -->\n<title>Pravila privatnosti - Amfig\u00f3ra vinoteka<\/title>\n<meta name=\"robots\" content=\"index, follow, max-snippet:-1, max-image-preview:large, max-video-preview:-1\" \/>\n<link rel=\"canonical\" href=\"https:\/\/amfigorawinery.com\/en\/pravila-privatnosti\/\" \/>\n<meta property=\"og:locale\" content=\"en_GB\" \/>\n<meta property=\"og:type\" content=\"article\" \/>\n<meta property=\"og:title\" content=\"Pravila privatnosti - Amfig\u00f3ra vinoteka\" \/>\n<meta property=\"og:description\" content=\"Voditelj obrade osobnih podataka je: IVAN\u010cI\u0106-TIM d.o.o.Sjedi\u0161te: Ple\u0161ivica 54, 10450 Jastrebarsko, HrvatskaOIB: 93005990638 E-mail: amfigora@amfigorawinery.comTelefon: +385 99 218 22 10 Tvrtka IVAN\u010cI\u0106-TIM d.o.o. kao voditelj obrade osobnih podataka obvezuje se \u0161tititi privatnost i sigurnost osobnih podataka svojih korisnika, partnera i posjetitelja web stranice www.amfigorawinery.com, u skladu s Op\u0107om uredbom o za\u0161titi podataka (EU) 2016\/679 (GDPR) [&hellip;]\" \/>\n<meta property=\"og:url\" content=\"https:\/\/amfigorawinery.com\/en\/pravila-privatnosti\/\" \/>\n<meta property=\"og:site_name\" content=\"Amfig\u00f3ra vinoteka\" \/>\n<meta property=\"article:modified_time\" content=\"2025-09-08T15:46:26+00:00\" \/>\n<meta name=\"twitter:card\" content=\"summary_large_image\" \/>\n<meta name=\"twitter:label1\" content=\"Estimated reading time\" \/>\n\t<meta name=\"twitter:data1\" content=\"5 minutes\" \/>\n<script type=\"application\/ld+json\" class=\"yoast-schema-graph\">{\"@context\":\"https:\/\/schema.org\",\"@graph\":[{\"@type\":\"WebPage\",\"@id\":\"https:\/\/amfigorawinery.com\/pravila-privatnosti\/\",\"url\":\"https:\/\/amfigorawinery.com\/pravila-privatnosti\/\",\"name\":\"Pravila privatnosti - Amfig\u00f3ra vinoteka\",\"isPartOf\":{\"@id\":\"https:\/\/amfigorawinery.com\/#website\"},\"datePublished\":\"2025-07-03T03:30:39+00:00\",\"dateModified\":\"2025-09-08T15:46:26+00:00\",\"breadcrumb\":{\"@id\":\"https:\/\/amfigorawinery.com\/pravila-privatnosti\/#breadcrumb\"},\"inLanguage\":\"en-GB\",\"potentialAction\":[{\"@type\":\"ReadAction\",\"target\":[\"https:\/\/amfigorawinery.com\/pravila-privatnosti\/\"]}]},{\"@type\":\"BreadcrumbList\",\"@id\":\"https:\/\/amfigorawinery.com\/pravila-privatnosti\/#breadcrumb\",\"itemListElement\":[{\"@type\":\"ListItem\",\"position\":1,\"name\":\"Po\u010detna stranica\",\"item\":\"https:\/\/amfigorawinery.com\/\"},{\"@type\":\"ListItem\",\"position\":2,\"name\":\"Pravila privatnosti\"}]},{\"@type\":\"WebSite\",\"@id\":\"https:\/\/amfigorawinery.com\/#website\",\"url\":\"https:\/\/amfigorawinery.com\/\",\"name\":\"Amfigora Vinarija\",\"description\":\"Vrhunska vina s ple\u0161ivi\u010dkog gorja\",\"publisher\":{\"@id\":\"https:\/\/amfigorawinery.com\/#organization\"},\"potentialAction\":[{\"@type\":\"SearchAction\",\"target\":{\"@type\":\"EntryPoint\",\"urlTemplate\":\"https:\/\/amfigorawinery.com\/?s={search_term_string}\"},\"query-input\":{\"@type\":\"PropertyValueSpecification\",\"valueRequired\":true,\"valueName\":\"search_term_string\"}}],\"inLanguage\":\"en-GB\"},{\"@type\":\"Organization\",\"@id\":\"https:\/\/amfigorawinery.com\/#organization\",\"name\":\"Amfigora Vinarija\",\"url\":\"https:\/\/amfigorawinery.com\/\",\"logo\":{\"@type\":\"ImageObject\",\"inLanguage\":\"en-GB\",\"@id\":\"https:\/\/amfigorawinery.com\/#\/schema\/logo\/image\/\",\"url\":\"https:\/\/amfigorawinery.com\/wp-content\/uploads\/2025\/07\/Logotip_vektor.pdf-image-003-scaled.png\",\"contentUrl\":\"https:\/\/amfigorawinery.com\/wp-content\/uploads\/2025\/07\/Logotip_vektor.pdf-image-003-scaled.png\",\"width\":2560,\"height\":1897,\"caption\":\"Amfigora Vinarija\"},\"image\":{\"@id\":\"https:\/\/amfigorawinery.com\/#\/schema\/logo\/image\/\"}}]}<\/script>\n<!-- \/ Yoast SEO plugin. -->","yoast_head_json":{"title":"Pravila privatnosti - Amfig\u00f3ra vinoteka","robots":{"index":"index","follow":"follow","max-snippet":"max-snippet:-1","max-image-preview":"max-image-preview:large","max-video-preview":"max-video-preview:-1"},"canonical":"https:\/\/amfigorawinery.com\/en\/pravila-privatnosti\/","og_locale":"en_GB","og_type":"article","og_title":"Pravila privatnosti - Amfig\u00f3ra vinoteka","og_description":"Voditelj obrade osobnih podataka je: IVAN\u010cI\u0106-TIM d.o.o.Sjedi\u0161te: Ple\u0161ivica 54, 10450 Jastrebarsko, HrvatskaOIB: 93005990638 E-mail: amfigora@amfigorawinery.comTelefon: +385 99 218 22 10 Tvrtka IVAN\u010cI\u0106-TIM d.o.o. kao voditelj obrade osobnih podataka obvezuje se \u0161tititi privatnost i sigurnost osobnih podataka svojih korisnika, partnera i posjetitelja web stranice www.amfigorawinery.com, u skladu s Op\u0107om uredbom o za\u0161titi podataka (EU) 2016\/679 (GDPR) [&hellip;]","og_url":"https:\/\/amfigorawinery.com\/en\/pravila-privatnosti\/","og_site_name":"Amfig\u00f3ra vinoteka","article_modified_time":"2025-09-08T15:46:26+00:00","twitter_card":"summary_large_image","twitter_misc":{"Estimated reading time":"5 minutes"},"schema":{"@context":"https:\/\/schema.org","@graph":[{"@type":"WebPage","@id":"https:\/\/amfigorawinery.com\/pravila-privatnosti\/","url":"https:\/\/amfigorawinery.com\/pravila-privatnosti\/","name":"Pravila privatnosti - Amfig\u00f3ra vinoteka","isPartOf":{"@id":"https:\/\/amfigorawinery.com\/#website"},"datePublished":"2025-07-03T03:30:39+00:00","dateModified":"2025-09-08T15:46:26+00:00","breadcrumb":{"@id":"https:\/\/amfigorawinery.com\/pravila-privatnosti\/#breadcrumb"},"inLanguage":"en-GB","potentialAction":[{"@type":"ReadAction","target":["https:\/\/amfigorawinery.com\/pravila-privatnosti\/"]}]},{"@type":"BreadcrumbList","@id":"https:\/\/amfigorawinery.com\/pravila-privatnosti\/#breadcrumb","itemListElement":[{"@type":"ListItem","position":1,"name":"Po\u010detna stranica","item":"https:\/\/amfigorawinery.com\/"},{"@type":"ListItem","position":2,"name":"Pravila privatnosti"}]},{"@type":"WebSite","@id":"https:\/\/amfigorawinery.com\/#website","url":"https:\/\/amfigorawinery.com\/","name":"Amfigora Vinarija","description":"Vrhunska vina s ple\u0161ivi\u010dkog gorja","publisher":{"@id":"https:\/\/amfigorawinery.com\/#organization"},"potentialAction":[{"@type":"SearchAction","target":{"@type":"EntryPoint","urlTemplate":"https:\/\/amfigorawinery.com\/?s={search_term_string}"},"query-input":{"@type":"PropertyValueSpecification","valueRequired":true,"valueName":"search_term_string"}}],"inLanguage":"en-GB"},{"@type":"Organization","@id":"https:\/\/amfigorawinery.com\/#organization","name":"Amfigora Vinarija","url":"https:\/\/amfigorawinery.com\/","logo":{"@type":"ImageObject","inLanguage":"en-GB","@id":"https:\/\/amfigorawinery.com\/#\/schema\/logo\/image\/","url":"https:\/\/amfigorawinery.com\/wp-content\/uploads\/2025\/07\/Logotip_vektor.pdf-image-003-scaled.png","contentUrl":"https:\/\/amfigorawinery.com\/wp-content\/uploads\/2025\/07\/Logotip_vektor.pdf-image-003-scaled.png","width":2560,"height":1897,"caption":"Amfigora Vinarija"},"image":{"@id":"https:\/\/amfigorawinery.com\/#\/schema\/logo\/image\/"}}]}},"_links":{"self":[{"href":"https:\/\/amfigorawinery.com\/en\/wp-json\/wp\/v2\/pages\/3","targetHints":{"allow":["GET"]}}],"collection":[{"href":"https:\/\/amfigorawinery.com\/en\/wp-json\/wp\/v2\/pages"}],"about":[{"href":"https:\/\/amfigorawinery.com\/en\/wp-json\/wp\/v2\/types\/page"}],"author":[{"embeddable":true,"href":"https:\/\/amfigorawinery.com\/en\/wp-json\/wp\/v2\/users\/1"}],"replies":[{"embeddable":true,"href":"https:\/\/amfigorawinery.com\/en\/wp-json\/wp\/v2\/comments?post=3"}],"version-history":[{"count":6,"href":"https:\/\/amfigorawinery.com\/en\/wp-json\/wp\/v2\/pages\/3\/revisions"}],"predecessor-version":[{"id":223,"href":"https:\/\/amfigorawinery.com\/en\/wp-json\/wp\/v2\/pages\/3\/revisions\/223"}],"wp:attachment":[{"href":"https:\/\/amfigorawinery.com\/en\/wp-json\/wp\/v2\/media?parent=3"}],"curies":[{"name":"wp","href":"https:\/\/api.w.org\/{rel}","templated":true}]}}